{"id":39,"date":"2020-12-31T16:09:02","date_gmt":"2020-12-31T16:09:02","guid":{"rendered":"https:\/\/asesoriacarlosmatos.com\/?page_id=39"},"modified":"2021-01-07T09:30:22","modified_gmt":"2021-01-07T09:30:22","slug":"nuestra-empresa","status":"publish","type":"page","link":"https:\/\/asesoriacarlosmatos.com\/?page_id=39","title":{"rendered":"Nuestra Empresa"},"content":{"rendered":"<p>[et_pb_section fb_built=\u00bb1&#8243; admin_label=\u00bbHeader\u00bb _builder_version=\u00bb4.7.7&#8243; background_image=\u00bbhttps:\/\/asesoriacarlosmatos.com\/wp-content\/uploads\/2021\/01\/about.jpg\u00bb parallax=\u00bbon\u00bb custom_margin=\u00bb|||\u00bb custom_padding=\u00bb12vw|0px|0|0px|false|false\u00bb][et_pb_row column_structure=\u00bb3_5,2_5&#8243; padding_top_bottom_link_1=\u00bbfalse\u00bb padding_left_right_link_1=\u00bbtrue\u00bb _builder_version=\u00bb3.25&#8243; background_size=\u00bbinitial\u00bb background_position=\u00bbtop_left\u00bb background_repeat=\u00bbrepeat\u00bb max_width=\u00bb1160px\u00bb custom_margin=\u00bb|||||false\u00bb custom_padding=\u00bb27px|0px|0|0px|false|false\u00bb use_custom_width=\u00bbon\u00bb custom_width_px=\u00bb1160px\u00bb][et_pb_column type=\u00bb3_5&#8243; _builder_version=\u00bb3.25&#8243; background_color=\u00bb#ffffff\u00bb custom_padding=\u00bb40px|40px|0px|40px\u00bb custom_padding__hover=\u00bb|||\u00bb][et_pb_text _builder_version=\u00bb4.7.7&#8243; text_font=\u00bb||||||||\u00bb ul_font=\u00bb||||||||\u00bb ol_font=\u00bb||||||||\u00bb header_font=\u00bbPlayfair Display|700|||||||\u00bb header_font_size=\u00bb48px\u00bb header_line_height=\u00bb1.5em\u00bb header_2_font=\u00bb||||||||\u00bb header_3_font=\u00bbRubik|500||on|||||\u00bb header_3_text_color=\u00bb#098cf2&#8243; header_3_font_size=\u00bb14px\u00bb header_3_letter_spacing=\u00bb2px\u00bb header_3_line_height=\u00bb2em\u00bb header_4_font=\u00bb||||||||\u00bb header_5_font=\u00bb||||||||\u00bb header_6_font=\u00bb||||||||\u00bb header_font_size_tablet=\u00bb38px\u00bb header_font_size_phone=\u00bb28px\u00bb header_font_size_last_edited=\u00bbon|phone\u00bb locked=\u00bboff\u00bb]<\/p>\n<h3>Qui\u00e9nes somos<\/h3>\n<h1>Nuestra Empresa<\/h1>\n<p>[\/et_pb_text][et_pb_divider color=\u00bb#098cf2&#8243; divider_weight=\u00bb4px\u00bb _builder_version=\u00bb3.14&#8243; max_width=\u00bb140px\u00bb height=\u00bb4px\u00bb locked=\u00bboff\u00bb][\/et_pb_divider][\/et_pb_column][et_pb_column type=\u00bb2_5&#8243; _builder_version=\u00bb3.25&#8243; custom_padding=\u00bb|||\u00bb custom_padding__hover=\u00bb|||\u00bb][\/et_pb_column][\/et_pb_row][\/et_pb_section][et_pb_section fb_built=\u00bb1&#8243; admin_label=\u00bbAbout\u00bb _builder_version=\u00bb3.22&#8243;][et_pb_row column_structure=\u00bb3_5,2_5&#8243; _builder_version=\u00bb3.25&#8243;][et_pb_column type=\u00bb3_5&#8243; _builder_version=\u00bb3.25&#8243; custom_padding=\u00bb|||\u00bb custom_padding__hover=\u00bb|||\u00bb][et_pb_text _builder_version=\u00bb4.7.7&#8243; text_font=\u00bb||||||||\u00bb text_font_size=\u00bb15px\u00bb text_line_height=\u00bb2em\u00bb text_font_size_tablet=\u00bb\u00bb text_font_size_phone=\u00bb14px\u00bb text_font_size_last_edited=\u00bbon|phone\u00bb locked=\u00bboff\u00bb]<\/p>\n<p style=\"text-align: left;\">Nuestra Empresa fue creada hace m\u00e1s de 30 a\u00f1os en Santa Cruz de la Palma.<br \/> Los cambios han ido enriqueciendo nuestra experiencia y nos han transformado en lo que hoy somos, una Empresa consolidada y de referencia dentro del sector de las Asesor\u00edas, de la Isla y de Canarias.<br \/> Nuestro equipo lo forman ocho personas, atendiendo los departamentos de Asesor\u00eda, Laboral, Fiscal, Contable, Seguros Generales, enriqueciendo nuestros servicios con colaboraciones externas de profesionales expertos en las diferentes materias.<br \/> <strong>Asesor\u00eda Pol\u00edtica de Servicios:<\/strong><br \/> Estamos estructurados de tal manera que podemos tener una pol\u00edtica de servicios adaptada a las necesidades de cualquier cliente, manteniendo abiertas muchas l\u00edneas de comunicaci\u00f3n para que el cliente tenga la mejor atenci\u00f3n posible.<br \/> Aportamos servicios que aportan un asesoramiento integral a las empresas.<br \/> Tratamos las diferentes \u00e1reas que rodean todo negocio, Laboral, Fiscal, Mercantil, Contable, financiero y jur\u00eddico gestionando todas las obligaciones formales (contabilidad, declaraciones tributarias, nominas, seguros sociales, etc..), realizando cuantos tr\u00e1mites sean necesarios para la puesta en funcionamiento de cualquier tipo de negocio, acudiendo y solicitando ante cualquier administraci\u00f3n, sea local o estatal.<br \/> Ofrecemos nuestra experiencia y conocimiento tanto a particulares como a empresas, pymes y aut\u00f3nomos<\/p>\n<p>[\/et_pb_text][\/et_pb_column][et_pb_column type=\u00bb2_5&#8243; _builder_version=\u00bb3.25&#8243; custom_padding=\u00bb|||\u00bb custom_padding__hover=\u00bb|||\u00bb][et_pb_button button_url=\u00bbmailto:%20info@asesoriacarlosmatos.com\u00bb url_new_window=\u00bbon\u00bb button_text=\u00bbinfo@asesoriacarlosmatos.com\u00bb button_alignment=\u00bbleft\u00bb _builder_version=\u00bb4.7.7&#8243; custom_button=\u00bbon\u00bb button_text_size=\u00bb12px\u00bb button_text_color=\u00bb#ffffff\u00bb button_bg_color=\u00bb#ef3b24&#8243; button_border_color=\u00bbrgba(0,0,0,0)\u00bb button_border_radius=\u00bb0px\u00bb button_letter_spacing=\u00bb2px\u00bb button_font=\u00bbRubik|500||on|||||\u00bb button_use_icon=\u00bboff\u00bb custom_padding=\u00bb16px|32px|16px|32px|true|true\u00bb box_shadow_style=\u00bbpreset1&#8243; box_shadow_color=\u00bbrgba(239,59,36,0.24)\u00bb button_letter_spacing_hover=\u00bb2px\u00bb locked=\u00bboff\u00bb button_text_size__hover_enabled=\u00bboff\u00bb button_one_text_size__hover_enabled=\u00bboff\u00bb button_two_text_size__hover_enabled=\u00bboff\u00bb button_text_color__hover_enabled=\u00bboff\u00bb button_one_text_color__hover_enabled=\u00bboff\u00bb button_two_text_color__hover_enabled=\u00bboff\u00bb button_border_width__hover_enabled=\u00bboff\u00bb button_one_border_width__hover_enabled=\u00bboff\u00bb button_two_border_width__hover_enabled=\u00bboff\u00bb button_border_color__hover_enabled=\u00bboff\u00bb button_one_border_color__hover_enabled=\u00bboff\u00bb button_two_border_color__hover_enabled=\u00bboff\u00bb button_border_radius__hover_enabled=\u00bboff\u00bb button_one_border_radius__hover_enabled=\u00bboff\u00bb button_two_border_radius__hover_enabled=\u00bboff\u00bb button_letter_spacing__hover_enabled=\u00bbon\u00bb button_letter_spacing__hover=\u00bb2px\u00bb button_one_letter_spacing__hover_enabled=\u00bboff\u00bb button_two_letter_spacing__hover_enabled=\u00bboff\u00bb button_bg_color__hover_enabled=\u00bboff\u00bb button_one_bg_color__hover_enabled=\u00bboff\u00bb button_two_bg_color__hover_enabled=\u00bboff\u00bb][\/et_pb_button][et_pb_image src=\u00bbhttps:\/\/asesoriacarlosmatos.com\/wp-content\/uploads\/2021\/01\/about1.jpg\u00bb title_text=\u00bbabout1&#8243; _builder_version=\u00bb4.7.7&#8243; _module_preset=\u00bbdefault\u00bb][\/et_pb_image][\/et_pb_column][\/et_pb_row][et_pb_row _builder_version=\u00bb3.25&#8243; custom_padding=\u00bb27px|0px|0|0px|false|false\u00bb][et_pb_column type=\u00bb4_4&#8243; _builder_version=\u00bb3.25&#8243; custom_padding=\u00bb|||\u00bb custom_padding__hover=\u00bb|||\u00bb][et_pb_text _builder_version=\u00bb4.7.7&#8243; header_font=\u00bb||||||||\u00bb header_2_font=\u00bbPlayfair Display|700|||||||\u00bb header_2_font_size=\u00bb24px\u00bb header_2_line_height=\u00bb1.5em\u00bb custom_margin=\u00bb|||-38px\u00bb custom_padding=\u00bb|||30px\u00bb header_2_font_size_tablet=\u00bb32px\u00bb header_2_font_size_phone=\u00bb22px\u00bb header_2_font_size_last_edited=\u00bbon|phone\u00bb border_color_all=\u00bb#ef3b24&#8243; border_width_left=\u00bb8px\u00bb locked=\u00bboff\u00bb]<\/p>\n<h2>ASESORAMIENTO INTEGRAL DE GESTION DE EMPRESAS Y PARTICULARES<\/h2>\n<p>[\/et_pb_text][\/et_pb_column][\/et_pb_row][\/et_pb_section][et_pb_section fb_built=\u00bb1&#8243; fullwidth=\u00bbon\u00bb _builder_version=\u00bb3.22&#8243;][et_pb_fullwidth_image src=\u00bbhttps:\/\/asesoriacarlosmatos.com\/wp-content\/uploads\/2021\/01\/notary-14.png\u00bb _builder_version=\u00bb3.14&#8243;][\/et_pb_fullwidth_image][\/et_pb_section][et_pb_section fb_built=\u00bb1&#8243; admin_label=\u00bbStats\u00bb _builder_version=\u00bb3.22&#8243; use_background_color_gradient=\u00bbon\u00bb background_color_gradient_start=\u00bbrgba(0,0,0,0.8)\u00bb background_color_gradient_end=\u00bbrgba(0,0,0,0)\u00bb background_color_gradient_overlays_image=\u00bbon\u00bb background_image=\u00bbhttps:\/\/asesoriacarlosmatos.com\/wp-content\/uploads\/2020\/12\/notary-06.jpg\u00bb custom_margin=\u00bb|||\u00bb custom_padding=\u00bb0px||0px||true\u00bb][et_pb_row custom_padding_last_edited=\u00bbon|phone\u00bb _builder_version=\u00bb3.25&#8243; background_color=\u00bb#ffffff\u00bb module_alignment=\u00bbright\u00bb custom_margin=\u00bb|||\u00bb custom_margin_tablet=\u00bb|10%||\u00bb custom_margin_phone=\u00bb|||\u00bb custom_margin_last_edited=\u00bboff|desktop\u00bb custom_padding=\u00bb60px|100px||100px|false|true\u00bb custom_padding_tablet=\u00bb|10%||10%||true\u00bb custom_padding_phone=\u00bb\u00bb animation_style=\u00bbslide\u00bb animation_direction=\u00bbleft\u00bb animation_intensity_slide=\u00bb20%\u00bb custom_width_px=\u00bb900px\u00bb][et_pb_column type=\u00bb4_4&#8243; _builder_version=\u00bb3.25&#8243; custom_padding=\u00bb|||\u00bb custom_padding__hover=\u00bb|||\u00bb][et_pb_text _builder_version=\u00bb4.7.7&#8243; text_font=\u00bb||||||||\u00bb text_font_size=\u00bb15px\u00bb text_line_height=\u00bb2em\u00bb max_width=\u00bb700px\u00bb text_font_size_tablet=\u00bb\u00bb text_font_size_phone=\u00bb14px\u00bb text_font_size_last_edited=\u00bbon|phone\u00bb]<\/p>\n<p style=\"text-align: justify;\">Hemos ido mejorando, tanto en tecnolog\u00eda, en servicios y en instalaciones, siempre realiz\u00e1ndolo en beneficio del cliente y para prestar un servicio de mejor calidad y garant\u00edas para nuestros clientes, intentando el uso m\u00ednimo e indispensable de papel y que el cliente no tenga trasladarse realizar gesti\u00f3n alguna a las administraciones p\u00fablicas<\/p>\n<p>[\/et_pb_text][\/et_pb_column][\/et_pb_row][et_pb_row column_structure=\u00bb1_3,1_3,1_3&#8243; use_custom_gutter=\u00bbon\u00bb gutter_width=\u00bb2&#8243; custom_padding_last_edited=\u00bbon|tablet\u00bb _builder_version=\u00bb3.25&#8243; background_color=\u00bb#ffffff\u00bb module_alignment=\u00bbright\u00bb custom_margin=\u00bb|||\u00bb custom_margin_tablet=\u00bb|10%||\u00bb custom_margin_phone=\u00bb|||\u00bb custom_margin_last_edited=\u00bboff|desktop\u00bb custom_padding=\u00bb|100px|60px|100px|false|true\u00bb custom_padding_tablet=\u00bb|10%||10%||true\u00bb custom_padding_phone=\u00bb\u00bb animation_style=\u00bbslide\u00bb animation_direction=\u00bbleft\u00bb animation_intensity_slide=\u00bb20%\u00bb custom_width_px=\u00bb900px\u00bb][et_pb_column type=\u00bb1_3&#8243; _builder_version=\u00bb3.25&#8243; custom_padding=\u00bb|||\u00bb custom_padding__hover=\u00bb|||\u00bb][et_pb_number_counter title=\u00bbA\u00f1os de Experiencia\u00bb number=\u00bb30+\u00bb percent_sign=\u00bboff\u00bb _builder_version=\u00bb4.7.7&#8243; title_font=\u00bbRubik|500||on|||||\u00bb title_text_color=\u00bb#4d6f80&#8243; title_font_size=\u00bb12px\u00bb title_letter_spacing=\u00bb2px\u00bb title_line_height=\u00bb2em\u00bb number_font=\u00bbRubik||||||||\u00bb number_text_color=\u00bb#ef3b24&#8243; number_font_size=\u00bb56px\u00bb number_line_height=\u00bb100px\u00bb text_orientation=\u00bbleft\u00bb][\/et_pb_number_counter][\/et_pb_column][et_pb_column type=\u00bb1_3&#8243; _builder_version=\u00bb3.25&#8243; custom_padding=\u00bb|||\u00bb custom_padding__hover=\u00bb|||\u00bb][et_pb_number_counter title=\u00bbProfesionales\u00bb number=\u00bb8&#8243; percent_sign=\u00bboff\u00bb _builder_version=\u00bb4.7.7&#8243; title_font=\u00bbRubik|500||on|||||\u00bb title_text_color=\u00bb#4d6f80&#8243; title_font_size=\u00bb12px\u00bb title_letter_spacing=\u00bb2px\u00bb title_line_height=\u00bb2em\u00bb number_font=\u00bbRubik||||||||\u00bb number_text_color=\u00bb#000000&#8243; number_font_size=\u00bb56px\u00bb number_line_height=\u00bb100px\u00bb text_orientation=\u00bbleft\u00bb locked=\u00bboff\u00bb][\/et_pb_number_counter][\/et_pb_column][et_pb_column type=\u00bb1_3&#8243; _builder_version=\u00bb3.25&#8243; custom_padding=\u00bb|||\u00bb custom_padding__hover=\u00bb|||\u00bb][et_pb_number_counter title=\u00bbSatisfaction\u00bb number=\u00bb100&#8243; _builder_version=\u00bb3.14&#8243; title_font=\u00bbRubik|500||on|||||\u00bb title_text_color=\u00bb#4d6f80&#8243; title_font_size=\u00bb12px\u00bb title_letter_spacing=\u00bb2px\u00bb title_line_height=\u00bb2em\u00bb number_font=\u00bbRubik||||||||\u00bb number_text_color=\u00bb#098cf2&#8243; number_font_size=\u00bb56px\u00bb number_line_height=\u00bb100px\u00bb text_orientation=\u00bbleft\u00bb locked=\u00bboff\u00bb][\/et_pb_number_counter][\/et_pb_column][\/et_pb_row][\/et_pb_section][et_pb_section fb_built=\u00bb1&#8243; admin_label=\u00bbTestimonial\u00bb _builder_version=\u00bb3.22&#8243; custom_padding=\u00bb90px|0px|90px|0px|false|false\u00bb][et_pb_row custom_padding_last_edited=\u00bboff|desktop\u00bb _builder_version=\u00bb3.25&#8243; use_background_color_gradient=\u00bbon\u00bb background_color_gradient_start=\u00bb#ffffff\u00bb background_color_gradient_end=\u00bbrgba(255,255,255,0)\u00bb background_color_gradient_type=\u00bbradial\u00bb background_color_gradient_direction_radial=\u00bbbottom\u00bb background_color_gradient_end_position=\u00bb51%\u00bb background_color_gradient_overlays_image=\u00bbon\u00bb background_image=\u00bbhttps:\/\/asesoriacarlosmatos.com\/wp-content\/uploads\/2020\/12\/notary-02.png\u00bb background_size=\u00bbcontain\u00bb custom_padding=\u00bb80px||||false|false\u00bb custom_padding_phone=\u00bb80px||||false\u00bb][et_pb_column type=\u00bb4_4&#8243; _builder_version=\u00bb3.25&#8243; custom_padding=\u00bb|||\u00bb custom_padding__hover=\u00bb|||\u00bb][et_pb_text _builder_version=\u00bb4.7.7&#8243; text_font=\u00bbPlayfair Display|700|on||||||\u00bb text_text_color=\u00bb#132f3e\u00bb text_font_size=\u00bb20px\u00bb text_line_height=\u00bb2em\u00bb text_orientation=\u00bbright\u00bb max_width=\u00bb800px\u00bb module_alignment=\u00bbcenter\u00bb text_font_size_tablet=\u00bb\u00bb text_font_size_phone=\u00bb15px\u00bb text_font_size_last_edited=\u00bbon|phone\u00bb]<\/p>\n<p style=\"text-align: center;\">\u00abTenemos la necesidad y el compromiso de establecer una relaci\u00f3n de confianza y duradera en el tiempo con nuestros clientes, ofreci\u00e9ndoles todas las coberturas necesarias, siendo una empresa segura.\u00bb<\/p>\n<p>[\/et_pb_text][\/et_pb_column][\/et_pb_row][\/et_pb_section][et_pb_section fb_built=\u00bb1&#8243; admin_label=\u00bbTestimonial\u00bb _builder_version=\u00bb4.7.7&#8243; background_color=\u00bb#000000&#8243; use_background_color_gradient=\u00bbon\u00bb background_color_gradient_start=\u00bb#1e1e1e\u00bb background_color_gradient_end=\u00bbrgba(8,15,8,0.6)\u00bb background_image=\u00bbhttps:\/\/asesoriacarlosmatos.com\/wp-content\/uploads\/2020\/12\/notary-03.jpg\u00bb background_blend=\u00bbdarken\u00bb custom_padding=\u00bb90px|0px|90px|0px|false|false\u00bb][et_pb_row _builder_version=\u00bb4.7.7&#8243; _module_preset=\u00bbdefault\u00bb][et_pb_column type=\u00bb4_4&#8243; _builder_version=\u00bb4.7.7&#8243; _module_preset=\u00bbdefault\u00bb][et_pb_text _builder_version=\u00bb4.7.7&#8243; _module_preset=\u00bbdefault\u00bb header_3_font=\u00bbPlayfair Display|700|||||||\u00bb header_3_text_color=\u00bb#ffffff\u00bb header_3_font_size=\u00bb25px\u00bb]<\/p>\n<h3 style=\"text-align: center;\">Contacta con Nosotros<\/h3>\n<p>[\/et_pb_text][\/et_pb_column][\/et_pb_row][et_pb_row column_structure=\u00bb1_4,1_4,1_4,1_4&#8243; _builder_version=\u00bb4.7.7&#8243; _module_preset=\u00bbdefault\u00bb][et_pb_column type=\u00bb1_4&#8243; _builder_version=\u00bb4.7.7&#8243; _module_preset=\u00bbdefault\u00bb][et_pb_text _builder_version=\u00bb4.7.7&#8243; text_font=\u00bb||||||||\u00bb text_text_color=\u00bbrgba(255,255,255,0.7)\u00bb text_line_height=\u00bb2em\u00bb header_font=\u00bb||||||||\u00bb header_4_font=\u00bbPlayfair Display|700|||||||\u00bb header_4_text_color=\u00bb#098cf2&#8243; header_4_line_height=\u00bb1.5em\u00bb background_layout=\u00bbdark\u00bb]<\/p>\n<h4>Direcci\u00f3n<\/h4>\n<p>Avda. El Puente, 33 -1\u00ba Izquierda\u00a0 C.P.: 38700 \u00b7 SANTA CRUZ DE LA PALMA<\/p>\n<p>[\/et_pb_text][\/et_pb_column][et_pb_column type=\u00bb1_4&#8243; _builder_version=\u00bb4.7.7&#8243; _module_preset=\u00bbdefault\u00bb][et_pb_text _builder_version=\u00bb4.7.7&#8243; text_font=\u00bb||||||||\u00bb text_text_color=\u00bbrgba(255,255,255,0.7)\u00bb text_line_height=\u00bb2em\u00bb header_font=\u00bb||||||||\u00bb header_4_font=\u00bbPlayfair Display|700|||||||\u00bb header_4_text_color=\u00bb#098cf2&#8243; header_4_line_height=\u00bb1.5em\u00bb background_layout=\u00bbdark\u00bb hover_enabled=\u00bb0&#8243; sticky_enabled=\u00bb0&#8243;]<\/p>\n<h4>Emails<\/h4>\n<p><a href=\"mailto:%20info@asesoriacarlosmatos.com\" target=\"_blank\" rel=\"noopener noreferrer\">info@asesoriacarlosmatos.com<\/a> <a href=\"mailto:%20laboral@asesoriacarlosmatos.com\" target=\"_blank\" rel=\"noopener noreferrer\">laboral@asesoriacarlosmatos.com<\/a><br \/> <a href=\"mailto:%20fiscal@asesoriacarlosmatos.com\" target=\"_blank\" rel=\"noopener noreferrer\">fiscal@asesoriacarlosmatos.com<\/a><\/p>\n<p>[\/et_pb_text][\/et_pb_column][et_pb_column type=\u00bb1_4&#8243; _builder_version=\u00bb4.7.7&#8243; _module_preset=\u00bbdefault\u00bb][et_pb_text _builder_version=\u00bb4.7.7&#8243; text_font=\u00bb||||||||\u00bb text_text_color=\u00bbrgba(255,255,255,0.7)\u00bb text_line_height=\u00bb2em\u00bb header_font=\u00bb||||||||\u00bb header_4_font=\u00bbPlayfair Display|700|||||||\u00bb header_4_text_color=\u00bb#098cf2&#8243; header_4_line_height=\u00bb1.5em\u00bb background_layout=\u00bbdark\u00bb locked=\u00bboff\u00bb]<\/p>\n<h4>Tel\u00e9fonos<\/h4>\n<p>922 42 06 97 \/ 922 41 20 63<br \/> 922 41 72 90<br \/> <strong>M\u00f3vil<\/strong>: 673 259 003<br \/> <strong>Fax<\/strong>: 922 41.63.35<\/p>\n<p>[\/et_pb_text][\/et_pb_column][et_pb_column type=\u00bb1_4&#8243; _builder_version=\u00bb4.7.7&#8243; _module_preset=\u00bbdefault\u00bb][et_pb_text _builder_version=\u00bb4.7.7&#8243; text_font=\u00bb||||||||\u00bb text_text_color=\u00bbrgba(255,255,255,0.7)\u00bb text_line_height=\u00bb2em\u00bb header_font=\u00bb||||||||\u00bb header_4_font=\u00bbPlayfair Display|700|||||||\u00bb header_4_text_color=\u00bb#098cf2&#8243; header_4_line_height=\u00bb1.5em\u00bb background_layout=\u00bbdark\u00bb locked=\u00bboff\u00bb]<\/p>\n<h4>Horarios<\/h4>\n<p><strong>Horario de Invierno:<\/strong><br \/> Ma\u00f1ana: 9 A 14 hrs.<br \/> Tarde: 16 a 19 hrs.<br \/> <strong>Horario de Verano:<\/strong><br \/> De 8 A 15 hrs.<\/p>\n<p>[\/et_pb_text][\/et_pb_column][\/et_pb_row][\/et_pb_section]<\/p>\n","protected":false},"excerpt":{"rendered":"<p>[et_pb_section fb_built=\u00bb1&#8243; admin_label=\u00bbHeader\u00bb _builder_version=\u00bb4.7.7&#8243; background_image=\u00bbhttps:\/\/asesoriacarlosmatos.com\/wp-content\/uploads\/2021\/01\/about.jpg\u00bb parallax=\u00bbon\u00bb custom_margin=\u00bb|||\u00bb custom_padding=\u00bb12vw|0px|0|0px|false|false\u00bb][et_pb_row column_structure=\u00bb3_5,2_5&#8243; padding_top_bottom_link_1=\u00bbfalse\u00bb padding_left_right_link_1=\u00bbtrue\u00bb _builder_version=\u00bb3.25&#8243; background_size=\u00bbinitial\u00bb background_position=\u00bbtop_left\u00bb background_repeat=\u00bbrepeat\u00bb max_width=\u00bb1160px\u00bb custom_margin=\u00bb|||||false\u00bb custom_padding=\u00bb27px|0px|0|0px|false|false\u00bb use_custom_width=\u00bbon\u00bb custom_width_px=\u00bb1160px\u00bb][et_pb_column type=\u00bb3_5&#8243; _builder_version=\u00bb3.25&#8243; background_color=\u00bb#ffffff\u00bb custom_padding=\u00bb40px|40px|0px|40px\u00bb custom_padding__hover=\u00bb|||\u00bb][et_pb_text _builder_version=\u00bb4.7.7&#8243; text_font=\u00bb||||||||\u00bb ul_font=\u00bb||||||||\u00bb ol_font=\u00bb||||||||\u00bb header_font=\u00bbPlayfair Display|700|||||||\u00bb header_font_size=\u00bb48px\u00bb header_line_height=\u00bb1.5em\u00bb header_2_font=\u00bb||||||||\u00bb header_3_font=\u00bbRubik|500||on|||||\u00bb header_3_text_color=\u00bb#098cf2&#8243; header_3_font_size=\u00bb14px\u00bb header_3_letter_spacing=\u00bb2px\u00bb header_3_line_height=\u00bb2em\u00bb header_4_font=\u00bb||||||||\u00bb header_5_font=\u00bb||||||||\u00bb header_6_font=\u00bb||||||||\u00bb header_font_size_tablet=\u00bb38px\u00bb header_font_size_phone=\u00bb28px\u00bb header_font_size_last_edited=\u00bbon|phone\u00bb locked=\u00bboff\u00bb] Qui\u00e9nes somos Nuestra Empresa [\/et_pb_text][et_pb_divider color=\u00bb#098cf2&#8243; divider_weight=\u00bb4px\u00bb _builder_version=\u00bb3.14&#8243; max_width=\u00bb140px\u00bb [&hellip;]<\/p>\n","protected":false},"author":1,"featured_media":0,"parent":0,"menu_order":0,"comment_status":"closed","ping_status":"closed","template":"","meta":{"_et_pb_use_builder":"on","_et_pb_old_content":"","_et_gb_content_width":"","footnotes":""},"class_list":["post-39","page","type-page","status-publish","hentry"],"_links":{"self":[{"href":"https:\/\/asesoriacarlosmatos.com\/index.php?rest_route=\/wp\/v2\/pages\/39","targetHints":{"allow":["GET"]}}],"collection":[{"href":"https:\/\/asesoriacarlosmatos.com\/index.php?rest_route=\/wp\/v2\/pages"}],"about":[{"href":"https:\/\/asesoriacarlosmatos.com\/index.php?rest_route=\/wp\/v2\/types\/page"}],"author":[{"embeddable":true,"href":"https:\/\/asesoriacarlosmatos.com\/index.php?rest_route=\/wp\/v2\/users\/1"}],"replies":[{"embeddable":true,"href":"https:\/\/asesoriacarlosmatos.com\/index.php?rest_route=%2Fwp%2Fv2%2Fcomments&post=39"}],"version-history":[{"count":22,"href":"https:\/\/asesoriacarlosmatos.com\/index.php?rest_route=\/wp\/v2\/pages\/39\/revisions"}],"predecessor-version":[{"id":220,"href":"https:\/\/asesoriacarlosmatos.com\/index.php?rest_route=\/wp\/v2\/pages\/39\/revisions\/220"}],"wp:attachment":[{"href":"https:\/\/asesoriacarlosmatos.com\/index.php?rest_route=%2Fwp%2Fv2%2Fmedia&parent=39"}],"curies":[{"name":"wp","href":"https:\/\/api.w.org\/{rel}","templated":true}]}}